{"id":10,"date":"2020-01-11T14:03:53","date_gmt":"2020-01-11T14:03:53","guid":{"rendered":"https:\/\/sibirled.rs\/?page_id=10"},"modified":"2020-02-06T23:50:03","modified_gmt":"2020-02-06T23:50:03","slug":"home","status":"publish","type":"page","link":"https:\/\/sibirled.rs\/","title":{"rendered":"Home"},"content":{"rendered":"<div class=\"col-md-5\">\n<h3>O nama<\/h3>\n<p><strong>Sibir LED<\/strong> je va\u0161 izvor kvalitetnog leda za svaku priliku. Mi smo kompanija sa kompletnom uslugom redovnih isporuka leda do va\u0161e ustanove iz na\u0161eg maloprodajnog preduze\u0107a gde mo\u017eete i svratiti da pokupite led za sopstvene potrebe. Na\u0161e stru\u010dno osoblje je na raspolaganju da vam pomogne u odre\u0111ivanju koli\u010dine koja \u0107e vam trebati u zavisnosti od aplikacije. Nudimo vam agresivnije popuste uz koli\u010dinsku kupovinu i redovne isporuke. Obezbe\u0111ujemo vam najkvalitetniji proizvod bez toksina i zaga\u0111iva\u010da po najpovoljnijoj ceni na tr\u017ei\u0161tu. Na\u0161e opredeljenje je da zadovoljimo kupca i trudi\u0107emo se da osiguramo da ste 100% zadovoljni uslugom, cenom i kvalitetom na\u0161eg proizvoda. Vi ste nam prioritet!&nbsp; Isporu\u010dujemo 7 dana u nedelji, uklju\u010dujuc\u0301i praznike. Sti\u017eemo na va\u0161u lokaciju za sat vremena ili manje i znamo va\u017enost brze dostave!<\/p>\n<\/div>\n<div class=\"col-md-6 col-md-offset-1\"><div class=\"eds-animate edsanimate-sis-hidden \" data-eds-entry-animation=\"bounceInRight\" data-eds-entry-delay=\"0\" data-eds-entry-duration=\"1.5\" data-eds-entry-timing=\"cubic-bezier(0.77, 0, 0.175, 1)\" data-eds-exit-animation=\"\" data-eds-exit-delay=\"\" data-eds-exit-duration=\"\" data-eds-exit-timing=\"\" data-eds-repeat-count=\"1\" data-eds-keep=\"yes\" data-eds-animate-on=\"scroll\" data-eds-scroll-offset=\"75\"><img loading=\"lazy\" src=\"https:\/\/sibirled.rs\/wp-content\/uploads\/2020\/01\/sibirdostava.png\" alt=\"\" width=\"792\" height=\"612\" class=\"aligncenter wp-image-391 size-full\" srcset=\"https:\/\/sibirled.rs\/wp-content\/uploads\/2020\/01\/sibirdostava.png 792w, https:\/\/sibirled.rs\/wp-content\/uploads\/2020\/01\/sibirdostava-300x232.png 300w, https:\/\/sibirled.rs\/wp-content\/uploads\/2020\/01\/sibirdostava-768x593.png 768w, https:\/\/sibirled.rs\/wp-content\/uploads\/2020\/01\/sibirdostava-600x464.png 600w\" sizes=\"(max-width: 792px) 100vw, 792px\" \/><\/div><\/div>\n<div><\/div>\n","protected":false},"excerpt":{"rendered":"<p>O nama Sibir LED je va\u0161 izvor kvalitetnog leda za svaku priliku. Mi smo kompanija sa kompletnom uslugom redovnih isporuka leda do va\u0161e ustanove iz na\u0161eg maloprodajnog preduze\u0107a gde mo\u017eete i svratiti da pokupite led za sopstvene potrebe. Na\u0161e stru\u010dno osoblje je na raspolaganju da vam pomogne u odre\u0111ivanju koli\u010dine [&hellip;]<\/p>\n","protected":false},"author":1,"featured_media":257,"parent":0,"menu_order":0,"comment_status":"closed","ping_status":"closed","template":"","meta":[],"yoast_head":"<!-- This site is optimized with the Yoast SEO plugin v16.2 - https:\/\/yoast.com\/wordpress\/plugins\/seo\/ -->\n<title>Sibir Led je va\u0161 izvor kvalitetnog leda za svaku priliku<\/title>\n<meta name=\"description\" content=\"Sibir Led je kompanija sa kompletnom uslugom redovnih isporuka leda do va\u0161e ustanove iz na\u0161eg maloprodajnog preduze\u0107a gde mo\u017eete i svratiti da pokupite led za sopstvene potrebe.\" \/>\n<meta name=\"robots\" content=\"index, follow, max-snippet:-1, max-image-preview:large, max-video-preview:-1\" \/>\n<link rel=\"canonical\" href=\"https:\/\/sibirled.rs\/\" \/>\n<meta property=\"og:locale\" content=\"en_US\" \/>\n<meta property=\"og:type\" content=\"article\" \/>\n<meta property=\"og:title\" content=\"Sibir Led je va\u0161 izvor kvalitetnog leda za svaku priliku\" \/>\n<meta property=\"og:description\" content=\"Sibir Led je kompanija sa kompletnom uslugom redovnih isporuka leda do va\u0161e ustanove iz na\u0161eg maloprodajnog preduze\u0107a gde mo\u017eete i svratiti da pokupite led za sopstvene potrebe.\" \/>\n<meta property=\"og:url\" content=\"https:\/\/sibirled.rs\/\" \/>\n<meta property=\"og:site_name\" content=\"Sibir Led\" \/>\n<meta property=\"article:modified_time\" content=\"2020-02-06T23:50:03+00:00\" \/>\n<meta property=\"og:image\" content=\"https:\/\/sibirled.rs\/wp-content\/uploads\/2020\/01\/thumb-1920-353695.jpg\" \/>\n\t<meta property=\"og:image:width\" content=\"1920\" \/>\n\t<meta property=\"og:image:height\" content=\"1200\" \/>\n<meta name=\"twitter:card\" content=\"summary_large_image\" \/>\n<meta name=\"twitter:label1\" content=\"Est. reading time\">\n\t<meta name=\"twitter:data1\" content=\"1 minute\">\n<script type=\"application\/ld+json\" class=\"yoast-schema-graph\">{\"@context\":\"https:\/\/schema.org\",\"@graph\":[{\"@type\":\"Organization\",\"@id\":\"https:\/\/sibirled.rs\/#organization\",\"name\":\"Sibir Led\",\"url\":\"https:\/\/sibirled.rs\/\",\"sameAs\":[],\"logo\":{\"@type\":\"ImageObject\",\"@id\":\"https:\/\/sibirled.rs\/#logo\",\"inLanguage\":\"en-US\",\"url\":\"https:\/\/sibirled.rs\/wp-content\/uploads\/2020\/01\/orglogo2.png\",\"contentUrl\":\"https:\/\/sibirled.rs\/wp-content\/uploads\/2020\/01\/orglogo2.png\",\"width\":260,\"height\":441,\"caption\":\"Sibir Led\"},\"image\":{\"@id\":\"https:\/\/sibirled.rs\/#logo\"}},{\"@type\":\"WebSite\",\"@id\":\"https:\/\/sibirled.rs\/#website\",\"url\":\"https:\/\/sibirled.rs\/\",\"name\":\"Sibir Led\",\"description\":\"va\\u0161 izvor kvalitetnog leda za svaku priliku\",\"publisher\":{\"@id\":\"https:\/\/sibirled.rs\/#organization\"},\"potentialAction\":[{\"@type\":\"SearchAction\",\"target\":\"https:\/\/sibirled.rs\/?s={search_term_string}\",\"query-input\":\"required name=search_term_string\"}],\"inLanguage\":\"en-US\"},{\"@type\":\"ImageObject\",\"@id\":\"https:\/\/sibirled.rs\/#primaryimage\",\"inLanguage\":\"en-US\",\"url\":\"https:\/\/sibirled.rs\/wp-content\/uploads\/2020\/01\/thumb-1920-353695.jpg\",\"contentUrl\":\"https:\/\/sibirled.rs\/wp-content\/uploads\/2020\/01\/thumb-1920-353695.jpg\",\"width\":1920,\"height\":1200},{\"@type\":\"WebPage\",\"@id\":\"https:\/\/sibirled.rs\/#webpage\",\"url\":\"https:\/\/sibirled.rs\/\",\"name\":\"Sibir Led je va\\u0161 izvor kvalitetnog leda za svaku priliku\",\"isPartOf\":{\"@id\":\"https:\/\/sibirled.rs\/#website\"},\"primaryImageOfPage\":{\"@id\":\"https:\/\/sibirled.rs\/#primaryimage\"},\"datePublished\":\"2020-01-11T14:03:53+00:00\",\"dateModified\":\"2020-02-06T23:50:03+00:00\",\"description\":\"Sibir Led je kompanija sa kompletnom uslugom redovnih isporuka leda do va\\u0161e ustanove iz na\\u0161eg maloprodajnog preduze\\u0107a gde mo\\u017eete i svratiti da pokupite led za sopstvene potrebe.\",\"breadcrumb\":{\"@id\":\"https:\/\/sibirled.rs\/#breadcrumb\"},\"inLanguage\":\"en-US\",\"potentialAction\":[{\"@type\":\"ReadAction\",\"target\":[\"https:\/\/sibirled.rs\/\"]}]},{\"@type\":\"BreadcrumbList\",\"@id\":\"https:\/\/sibirled.rs\/#breadcrumb\",\"itemListElement\":[{\"@type\":\"ListItem\",\"position\":1,\"item\":{\"@type\":\"WebPage\",\"@id\":\"https:\/\/sibirled.rs\/\",\"url\":\"https:\/\/sibirled.rs\/\",\"name\":\"Home\"}},{\"@type\":\"ListItem\",\"position\":2,\"item\":{\"@id\":\"https:\/\/sibirled.rs\/#webpage\"}}]}]}<\/script>\n<!-- \/ Yoast SEO plugin. -->","_links":{"self":[{"href":"https:\/\/sibirled.rs\/index.php?rest_route=\/wp\/v2\/pages\/10"}],"collection":[{"href":"https:\/\/sibirled.rs\/index.php?rest_route=\/wp\/v2\/pages"}],"about":[{"href":"https:\/\/sibirled.rs\/index.php?rest_route=\/wp\/v2\/types\/page"}],"author":[{"embeddable":true,"href":"https:\/\/sibirled.rs\/index.php?rest_route=\/wp\/v2\/users\/1"}],"replies":[{"embeddable":true,"href":"https:\/\/sibirled.rs\/index.php?rest_route=%2Fwp%2Fv2%2Fcomments&post=10"}],"version-history":[{"count":42,"href":"https:\/\/sibirled.rs\/index.php?rest_route=\/wp\/v2\/pages\/10\/revisions"}],"predecessor-version":[{"id":457,"href":"https:\/\/sibirled.rs\/index.php?rest_route=\/wp\/v2\/pages\/10\/revisions\/457"}],"wp:featuredmedia":[{"embeddable":true,"href":"https:\/\/sibirled.rs\/index.php?rest_route=\/wp\/v2\/media\/257"}],"wp:attachment":[{"href":"https:\/\/sibirled.rs\/index.php?rest_route=%2Fwp%2Fv2%2Fmedia&parent=10"}],"curies":[{"name":"wp","href":"https:\/\/api.w.org\/{rel}","templated":true}]}}